{"id":27,"date":"2016-06-21T22:38:18","date_gmt":"2016-06-21T21:38:18","guid":{"rendered":"http:\/\/the7.io\/construction\/?page_id=27"},"modified":"2017-12-19T00:21:20","modified_gmt":"2017-12-18T23:21:20","slug":"aufgaben","status":"publish","type":"page","link":"http:\/\/notare-wwk-gp.de\/index.php\/aufgaben\/","title":{"rendered":"T\u00e4tigkeitsfelder"},"content":{"rendered":"<div class=\"wpb-content-wrapper\"><p>[vc_row css=&#8221;.vc_custom_1510428484415{padding-top: 40px !important;}&#8221;][vc_column]<div id=\"ultimate-heading-328869e22158d7f01\" class=\"uvc-heading ult-adjust-bottom-margin ultimate-heading-328869e22158d7f01 uvc-6114 accent-border-color\" data-hspacer=\"line_only\"  data-halign=\"left\" style=\"text-align:left\"><div class=\"uvc-main-heading ult-responsive\"  data-ultimate-target='.uvc-heading.ultimate-heading-328869e22158d7f01 h2'  data-responsive-json-new='{\"font-size\":\"desktop:26px;\",\"line-height\":\"desktop:36px;\"}' ><h2 style=\"--font-weight:theme;\"> T\u00e4tigkeitsfelder<\/h2><\/div><div class=\"uvc-heading-spacer line_only\" style=\"margin-top:15px;margin-bottom:50px;height:4px;\"><span class=\"uvc-headings-line\" style=\"border-style:solid;border-bottom-width:4px;border-color:;width:50px;\"><\/span><\/div><div class=\"uvc-sub-heading ult-responsive\"  data-ultimate-target='.uvc-heading.ultimate-heading-328869e22158d7f01 .uvc-sub-heading '  data-responsive-json-new='{\"font-size\":\"\",\"line-height\":\"\"}'  style=\"font-weight:normal;\"><\/p>\n<p>Wir betreuen Sie mit Beurkundungen aller Art, insbesondere in den Bereichen Immobilienrecht, Gesellschaftsrecht, Erb- und Familienrecht.<\/p>\n<p>Gerne stehen wir Ihnen vor, w\u00e4hrend und nach einer Beurkundung zur Verf\u00fcgung.<\/p>\n<p>Im Vorfeld der Beurkundung \u00fcberlassen wir Ihnen einen Entwurf und bieten je nach Fall selbstverst\u00e4ndlich auch ein Beratungsgespr\u00e4ch. Anhand des Entwurfs haben Sie die M\u00f6glichkeit, sich auf die Beurkundung vorzubereiten, m\u00f6gliche Fragen bereits vorab zu kl\u00e4ren und den Inhalt mit Ihrem Vertragspartner und weiteren Beteiligten wie finanzierende Banken abzustimmen.<br \/>\nBei der Beurkundung kl\u00e4ren wir pers\u00f6nlich Ihre offenen Fragen.<br \/>\nNach der Unterschrift endet unsere Aufgabe nicht. Wir \u00fcberwachen f\u00fcr Sie den Vollzug der Urkunde und stellen sicher, dass das gew\u00fcnschte Ergebnis erreicht wird.<\/p>\n<p>Bei Fragen stehen wir Ihnen jederzeit zur Verf\u00fcgung.<\/p>\n<p><\/div><\/div>[\/vc_column][\/vc_row][vc_row gap=&#8221;30&#8243; equal_height=&#8221;yes&#8221; type=&#8221;vc_default&#8221; css=&#8221;.vc_custom_1495105796691{padding-top: 70px !important;padding-right: 25px !important;padding-bottom: 70px !important;padding-left: 25px !important;}&#8221;][vc_column width=&#8221;1\/3&#8243; css=&#8221;.vc_custom_1510431748374{padding-top: 0px !important;padding-right: 0px !important;padding-bottom: 0px !important;padding-left: 0px !important;background-color: #f4f4f4 !important;}&#8221;][vc_single_image image=&#8221;2074&#8243; img_size=&#8221;650&#215;350&#8243;][vc_row_inner css=&#8221;.vc_custom_1495105364136{padding-top: 30px !important;padding-right: 30px !important;padding-bottom: 40px !important;padding-left: 30px !important;}&#8221;][vc_column_inner]<div id=\"ultimate-heading-503869e22158d7f79\" class=\"uvc-heading ult-adjust-bottom-margin ultimate-heading-503869e22158d7f79 uvc-8310 \" data-hspacer=\"no_spacer\"  data-halign=\"left\" style=\"text-align:left\"><div class=\"uvc-heading-spacer no_spacer\" style=\"top\"><\/div><div class=\"uvc-main-heading ult-responsive\"  data-ultimate-target='.uvc-heading.ultimate-heading-503869e22158d7f79 h2'  data-responsive-json-new='{\"font-size\":\"desktop:22px;\",\"line-height\":\"desktop:32px;\"}' ><h2 style=\"--font-weight:theme;margin-bottom:20px;\">Immobilienrecht<\/h2><\/div><\/div>[vc_column_text css=&#8221;.vc_custom_1510609452177{padding-bottom: 20px !important;}&#8221;]<\/p>\n<ul>\n<li>Grundst\u00fcckskauf und Bautr\u00e4gervertrag<\/li>\n<li>Bestellung von Grundst\u00fccksbelastungen wie Grundschulden, Dienstbarkeiten<\/li>\n<li>Wohnungseigentum, Erbbaurecht<\/li>\n<li>\u00dcbergabevertr\u00e4ge, Schenkungen<\/li>\n<\/ul>\n<p>[\/vc_column_text][\/vc_column_inner][\/vc_row_inner][\/vc_column][vc_column width=&#8221;1\/3&#8243; css=&#8221;.vc_custom_1510431781387{padding-top: 0px !important;padding-right: 0px !important;padding-bottom: 0px !important;padding-left: 0px !important;background-color: #f4f4f4 !important;}&#8221;][vc_single_image image=&#8221;2073&#8243; img_size=&#8221;650&#215;350&#8243;][vc_row_inner css=&#8221;.vc_custom_1495105364136{padding-top: 30px !important;padding-right: 30px !important;padding-bottom: 40px !important;padding-left: 30px !important;}&#8221;][vc_column_inner]<div id=\"ultimate-heading-515869e22158d7fc4\" class=\"uvc-heading ult-adjust-bottom-margin ultimate-heading-515869e22158d7fc4 uvc-4642 \" data-hspacer=\"no_spacer\"  data-halign=\"left\" style=\"text-align:left\"><div class=\"uvc-heading-spacer no_spacer\" style=\"top\"><\/div><div class=\"uvc-main-heading ult-responsive\"  data-ultimate-target='.uvc-heading.ultimate-heading-515869e22158d7fc4 h2'  data-responsive-json-new='{\"font-size\":\"desktop:22px;\",\"line-height\":\"desktop:32px;\"}' ><h2 style=\"--font-weight:theme;margin-bottom:20px;\">Handels- und Gesellschaftsrecht<\/h2><\/div><\/div>[vc_column_text css=&#8221;.vc_custom_1510427560181{padding-bottom: 20px !important;}&#8221;]<\/p>\n<ul>\n<li>Gr\u00fcndung von Kapitalgesellschaften, insbesondere von GmbH und AG<\/li>\n<li>Satzungs\u00e4nderungen<\/li>\n<li>Anmeldungen zum Handels-, Genossenschafts- und Partnerschaftsregister<\/li>\n<li>Umstrukturierung von Unternehmen, Umwandlungen<\/li>\n<\/ul>\n<p>[\/vc_column_text][\/vc_column_inner][\/vc_row_inner][\/vc_column][vc_column width=&#8221;1\/3&#8243; css=&#8221;.vc_custom_1510431794646{padding-top: 0px !important;padding-right: 0px !important;padding-bottom: 0px !important;padding-left: 0px !important;background-color: #f4f4f4 !important;}&#8221;][vc_single_image image=&#8221;2070&#8243; img_size=&#8221;650&#215;350&#8243;][vc_row_inner css=&#8221;.vc_custom_1495105364136{padding-top: 30px !important;padding-right: 30px !important;padding-bottom: 40px !important;padding-left: 30px !important;}&#8221;][vc_column_inner]<div id=\"ultimate-heading-571969e22158d800b\" class=\"uvc-heading ult-adjust-bottom-margin ultimate-heading-571969e22158d800b uvc-9477 \" data-hspacer=\"no_spacer\"  data-halign=\"left\" style=\"text-align:left\"><div class=\"uvc-heading-spacer no_spacer\" style=\"top\"><\/div><div class=\"uvc-main-heading ult-responsive\"  data-ultimate-target='.uvc-heading.ultimate-heading-571969e22158d800b h2'  data-responsive-json-new='{\"font-size\":\"desktop:22px;\",\"line-height\":\"desktop:32px;\"}' ><h2 style=\"--font-weight:theme;margin-bottom:20px;\">Erbrecht<\/h2><\/div><\/div>[vc_column_text css=&#8221;.vc_custom_1510427626025{padding-bottom: 20px !important;}&#8221;]<\/p>\n<ul>\n<li>Erbvertr\u00e4ge, Testamente, Erbverzicht\/Pflichtteilsverzicht<\/li>\n<li>Verm\u00f6gensnachfolge<\/li>\n<li>Erbauseinandersetzung, Erbteils\u00fcbertragung<\/li>\n<li>Erbscheinsantr\u00e4ge<\/li>\n<\/ul>\n<p>[\/vc_column_text][\/vc_column_inner][\/vc_row_inner][\/vc_column][vc_column width=&#8221;1\/3&#8243; css=&#8221;.vc_custom_1510432060853{padding-top: 0px !important;padding-right: 0px !important;padding-bottom: 0px !important;padding-left: 0px !important;background-color: #f4f4f4 !important;}&#8221;][vc_single_image image=&#8221;2071&#8243; img_size=&#8221;650&#215;350&#8243;][vc_row_inner css=&#8221;.vc_custom_1495105364136{padding-top: 30px !important;padding-right: 30px !important;padding-bottom: 40px !important;padding-left: 30px !important;}&#8221;][vc_column_inner]<div id=\"ultimate-heading-593969e22158d8049\" class=\"uvc-heading ult-adjust-bottom-margin ultimate-heading-593969e22158d8049 uvc-2032 \" data-hspacer=\"no_spacer\"  data-halign=\"left\" style=\"text-align:left\"><div class=\"uvc-heading-spacer no_spacer\" style=\"top\"><\/div><div class=\"uvc-main-heading ult-responsive\"  data-ultimate-target='.uvc-heading.ultimate-heading-593969e22158d8049 h2'  data-responsive-json-new='{\"font-size\":\"desktop:22px;\",\"line-height\":\"desktop:32px;\"}' ><h2 style=\"--font-weight:theme;margin-bottom:20px;\">Familienrecht<\/h2><\/div><\/div>[vc_column_text css=&#8221;.vc_custom_1510609406836{padding-bottom: 20px !important;}&#8221;]<\/p>\n<ul>\n<li>Ehevertr\u00e4ge<\/li>\n<li>Vereinbarungen im Scheidungsfall<\/li>\n<\/ul>\n<p>[\/vc_column_text][\/vc_column_inner][\/vc_row_inner][\/vc_column][vc_column width=&#8221;1\/3&#8243; css=&#8221;.vc_custom_1510570096323{padding-top: 0px !important;padding-right: 0px !important;padding-bottom: 0px !important;padding-left: 0px !important;background-color: #f4f4f4 !important;}&#8221;][vc_single_image image=&#8221;2075&#8243; img_size=&#8221;650&#215;350&#8243;][vc_row_inner css=&#8221;.vc_custom_1495105364136{padding-top: 30px !important;padding-right: 30px !important;padding-bottom: 40px !important;padding-left: 30px !important;}&#8221;][vc_column_inner]<div id=\"ultimate-heading-405269e22158d8082\" class=\"uvc-heading ult-adjust-bottom-margin ultimate-heading-405269e22158d8082 uvc-987 \" data-hspacer=\"no_spacer\"  data-halign=\"left\" style=\"text-align:left\"><div class=\"uvc-heading-spacer no_spacer\" style=\"top\"><\/div><div class=\"uvc-main-heading ult-responsive\"  data-ultimate-target='.uvc-heading.ultimate-heading-405269e22158d8082 h2'  data-responsive-json-new='{\"font-size\":\"desktop:22px;\",\"line-height\":\"desktop:32px;\"}' ><h2 style=\"--font-weight:theme;margin-bottom:20px;\">Vollmachten<\/h2><\/div><\/div>[vc_column_text css=&#8221;.vc_custom_1510428244541{padding-bottom: 20px !important;}&#8221;]<\/p>\n<ul>\n<li>Generalvollmachten<\/li>\n<li>Erwerbs- und Ver\u00e4u\u00dferungsvollmachten<\/li>\n<\/ul>\n<p>[\/vc_column_text][\/vc_column_inner][\/vc_row_inner][\/vc_column][vc_column width=&#8221;1\/3&#8243; css=&#8221;.vc_custom_1510570140712{padding-top: 0px !important;padding-right: 0px !important;padding-bottom: 0px !important;padding-left: 0px !important;background-color: #f4f4f4 !important;}&#8221;][vc_single_image image=&#8221;2072&#8243; img_size=&#8221;650&#215;350&#8243;][vc_row_inner css=&#8221;.vc_custom_1495105364136{padding-top: 30px !important;padding-right: 30px !important;padding-bottom: 40px !important;padding-left: 30px !important;}&#8221;][vc_column_inner]<div id=\"ultimate-heading-311769e22158d80bc\" class=\"uvc-heading ult-adjust-bottom-margin ultimate-heading-311769e22158d80bc uvc-4422 \" data-hspacer=\"no_spacer\"  data-halign=\"left\" style=\"text-align:left\"><div class=\"uvc-heading-spacer no_spacer\" style=\"top\"><\/div><div class=\"uvc-main-heading ult-responsive\"  data-ultimate-target='.uvc-heading.ultimate-heading-311769e22158d80bc h2'  data-responsive-json-new='{\"font-size\":\"desktop:22px;\",\"line-height\":\"desktop:32px;\"}' ><h2 style=\"--font-weight:theme;margin-bottom:20px;\">Unterschrifts-beglaubigungen<\/h2><\/div><\/div>[vc_column_text css=&#8221;.vc_custom_1510428301413{padding-bottom: 20px !important;}&#8221;][\/vc_column_text][\/vc_column_inner][\/vc_row_inner][\/vc_column][\/vc_row]<\/p>\n<\/div>","protected":false},"excerpt":{"rendered":"<p>[vc_row css=&#8221;.vc_custom_1510428484415{padding-top: 40px !important;}&#8221;][vc_column][\/vc_column][\/vc_row][vc_row gap=&#8221;30&#8243; equal_height=&#8221;yes&#8221; type=&#8221;vc_default&#8221; css=&#8221;.vc_custom_1495105796691{padding-top: 70px !important;padding-right: 25px !important;padding-bottom: 70px !important;padding-left: 25px !important;}&#8221;][vc_column width=&#8221;1\/3&#8243; css=&#8221;.vc_custom_1510431748374{padding-top: 0px !important;padding-right: 0px !important;padding-bottom: 0px !important;padding-left: 0px !important;background-color: #f4f4f4 !important;}&#8221;][vc_single_image image=&#8221;2074&#8243; img_size=&#8221;650&#215;350&#8243;][vc_row_inner css=&#8221;.vc_custom_1495105364136{padding-top: 30px !important;padding-right: 30px !important;padding-bottom: 40px !important;padding-left: 30px !important;}&#8221;][vc_column_inner][vc_column_text css=&#8221;.vc_custom_1510609452177{padding-bottom: 20px !important;}&#8221;] Grundst\u00fcckskauf und Bautr\u00e4gervertrag Bestellung von Grundst\u00fccksbelastungen wie Grundschulden, Dienstbarkeiten Wohnungseigentum, Erbbaurecht \u00dcbergabevertr\u00e4ge, Schenkungen&hellip;<\/p>\n","protected":false},"author":2,"featured_media":0,"parent":0,"menu_order":3,"comment_status":"closed","ping_status":"closed","template":"","meta":{"_monsterinsights_skip_tracking":false,"_monsterinsights_sitenote_active":false,"_monsterinsights_sitenote_note":"","_monsterinsights_sitenote_category":0,"footnotes":""},"class_list":["post-27","page","type-page","status-publish","hentry","description-off"],"_links":{"self":[{"href":"http:\/\/notare-wwk-gp.de\/index.php\/wp-json\/wp\/v2\/pages\/27"}],"collection":[{"href":"http:\/\/notare-wwk-gp.de\/index.php\/wp-json\/wp\/v2\/pages"}],"about":[{"href":"http:\/\/notare-wwk-gp.de\/index.php\/wp-json\/wp\/v2\/types\/page"}],"author":[{"embeddable":true,"href":"http:\/\/notare-wwk-gp.de\/index.php\/wp-json\/wp\/v2\/users\/2"}],"replies":[{"embeddable":true,"href":"http:\/\/notare-wwk-gp.de\/index.php\/wp-json\/wp\/v2\/comments?post=27"}],"version-history":[{"count":27,"href":"http:\/\/notare-wwk-gp.de\/index.php\/wp-json\/wp\/v2\/pages\/27\/revisions"}],"predecessor-version":[{"id":2193,"href":"http:\/\/notare-wwk-gp.de\/index.php\/wp-json\/wp\/v2\/pages\/27\/revisions\/2193"}],"wp:attachment":[{"href":"http:\/\/notare-wwk-gp.de\/index.php\/wp-json\/wp\/v2\/media?parent=27"}],"curies":[{"name":"wp","href":"https:\/\/api.w.org\/{rel}","templated":true}]}}