{"id":2190,"date":"2021-01-18T23:25:06","date_gmt":"2021-01-18T22:25:06","guid":{"rendered":"http:\/\/notare-mww-gp.de\/?page_id=2190"},"modified":"2021-01-18T23:53:34","modified_gmt":"2021-01-18T22:53:34","slug":"jobs","status":"publish","type":"page","link":"http:\/\/notare-wwk-gp.de\/index.php\/jobs\/","title":{"rendered":"Jobs"},"content":{"rendered":"<div class=\"wpb-content-wrapper\"><p>[vc_row][vc_column]<div id=\"ultimate-heading-287169df0de416bfd\" class=\"uvc-heading ult-adjust-bottom-margin ultimate-heading-287169df0de416bfd uvc-8832 accent-border-color\" data-hspacer=\"line_only\"  data-halign=\"left\" style=\"text-align:left\"><div class=\"uvc-main-heading ult-responsive\"  data-ultimate-target='.uvc-heading.ultimate-heading-287169df0de416bfd h2'  data-responsive-json-new='{\"font-size\":\"desktop:26px;\",\"line-height\":\"desktop:36px;\"}' ><h2 style=\"--font-weight:theme;\">Jobs<\/h2><\/div><div class=\"uvc-heading-spacer line_only\" style=\"margin-top:15px;margin-bottom:50px;height:4px;\"><span class=\"uvc-headings-line\" style=\"border-style:solid;border-bottom-width:4px;border-color:;width:50px;\"><\/span><\/div><div class=\"uvc-sub-heading ult-responsive\"  data-ultimate-target='.uvc-heading.ultimate-heading-287169df0de416bfd .uvc-sub-heading '  data-responsive-json-new='{\"font-size\":\"\",\"line-height\":\"\"}'  style=\"font-weight:normal;\"><\/p>\n<div>\n<div>\n<div>\n<div class=\"block-editor-block-list__layout is-root-container\">\n<p id=\"block-ad57af69-3d4e-4072-af6b-386f4c6de99d\" class=\"block-editor-rich-text__editable block-editor-block-list__block wp-block rich-text\" tabindex=\"0\" role=\"group\" aria-multiline=\"true\" aria-label=\"Paragraph block\" data-block=\"ad57af69-3d4e-4072-af6b-386f4c6de99d\" data-type=\"core\/paragraph\" data-title=\"Paragraph\">Zur Verst\u00e4rkung unseres Teams suchen wir, die Notare Murrath Wahl Weber in G\u00f6ppingen, weitere<br data-rich-text-line-break=\"true\" \/><br data-rich-text-line-break=\"true\" \/><strong>Notarfachangestellte (m\/w\/d)<\/strong><br data-rich-text-line-break=\"true\" \/><strong>Notarfachassistenten (m\/w\/d)<\/strong><br data-rich-text-line-break=\"true\" \/><strong>Notarfachwirte (m\/w\/d)<\/strong><br data-rich-text-line-break=\"true\" \/><strong>Justizfachangestellte (m\/w\/d)\u00a0<\/strong><\/p>\n<p id=\"block-e8e89d9e-40d5-4282-9435-699ff949133c\" class=\"block-editor-rich-text__editable block-editor-block-list__block wp-block rich-text\" tabindex=\"0\" role=\"group\" aria-multiline=\"true\" aria-label=\"Paragraph block\" data-block=\"e8e89d9e-40d5-4282-9435-699ff949133c\" data-type=\"core\/paragraph\" data-title=\"Paragraph\">&#8211; in Vollzeit oder Teilzeit -.<\/p>\n<p id=\"block-f41c828f-4dd8-46be-93f9-73a7ed12a24b\" class=\"block-editor-rich-text__editable block-editor-block-list__block wp-block rich-text\" tabindex=\"0\" role=\"group\" aria-multiline=\"true\" aria-label=\"Paragraph block\" data-block=\"f41c828f-4dd8-46be-93f9-73a7ed12a24b\" data-type=\"core\/paragraph\" data-title=\"Paragraph\">Wir bieten Ihnen einen interessanten, sicheren und verantwortungsvollen Arbeitsplatz in einem angenehmen pers\u00f6nlichen Umfeld mit M\u00f6glichkeiten zur Fort- und Weiterbildung. Eine leistungsgerechte Bezahlung ist f\u00fcr uns selbstverst\u00e4ndlich.<\/p>\n<p id=\"block-1ef05953-17f6-4975-ba52-fc2f9498c20a\" class=\"block-editor-rich-text__editable block-editor-block-list__block wp-block rich-text\" tabindex=\"0\" role=\"group\" aria-multiline=\"true\" aria-label=\"Paragraph block\" data-block=\"1ef05953-17f6-4975-ba52-fc2f9498c20a\" data-type=\"core\/paragraph\" data-title=\"Paragraph\">Haben wir Ihr Interesse an der T\u00e4tigkeit in unserer modernen Notarkanzlei in G\u00f6ppingen geweckt? Sie sind motiviert, freundlich und kollegial?<\/p>\n<p id=\"block-82293ed5-f0f7-450a-b059-eb122f150ba1\" class=\"block-editor-rich-text__editable block-editor-block-list__block wp-block rich-text\" tabindex=\"0\" role=\"group\" aria-multiline=\"true\" aria-label=\"Paragraph block\" data-block=\"82293ed5-f0f7-450a-b059-eb122f150ba1\" data-type=\"core\/paragraph\" data-title=\"Paragraph\">Dann freuen wir uns \u00fcber Ihre Bewerbung, die selbstverst\u00e4ndlich streng vertraulich behandelt wird, an<\/p>\n<p id=\"block-4487832d-236d-44ed-9053-6793371ef018\" class=\"block-editor-rich-text__editable block-editor-block-list__block wp-block rich-text\" tabindex=\"0\" role=\"group\" aria-multiline=\"true\" aria-label=\"Paragraph block\" data-block=\"4487832d-236d-44ed-9053-6793371ef018\" data-type=\"core\/paragraph\" data-title=\"Paragraph\"><strong>Pers\u00f6nlich \/ Vertraulich<\/strong><br data-rich-text-line-break=\"true\" \/><strong>Notare Murrath Wahl Weber, z.H. Notarin Kathrin Wahl,\u00a0<\/strong><br data-rich-text-line-break=\"true\" \/><strong>Sch\u00fctzenstra\u00dfe 7, 73033 G\u00f6ppingen\u00a0<\/strong><\/p>\n<p id=\"block-1ef63b7d-7139-4a5d-b8b3-db289f895dad\" class=\"block-editor-rich-text__editable block-editor-block-list__block wp-block rich-text\" tabindex=\"0\" role=\"group\" aria-multiline=\"true\" aria-label=\"Paragraph block\" data-block=\"1ef63b7d-7139-4a5d-b8b3-db289f895dad\" data-type=\"core\/paragraph\" data-title=\"Paragraph\">oder per Email an <strong>bewerbung@notare-mww-gp.de<\/strong><\/p>\n<div class=\"block-list-appender wp-block\" tabindex=\"-1\"><\/div>\n<\/div>\n<\/div>\n<\/div>\n<\/div>\n<div tabindex=\"0\"><\/div>\n<p><\/div><\/div>[\/vc_column][\/vc_row]<\/p>\n<\/div>","protected":false},"excerpt":{"rendered":"<p>[vc_row][vc_column][\/vc_column][\/vc_row]<\/p>\n","protected":false},"author":2,"featured_media":0,"parent":0,"menu_order":5,"comment_status":"closed","ping_status":"closed","template":"","meta":{"_monsterinsights_skip_tracking":false,"_monsterinsights_sitenote_active":false,"_monsterinsights_sitenote_note":"","_monsterinsights_sitenote_category":0,"footnotes":""},"class_list":["post-2190","page","type-page","status-publish","hentry","description-off"],"_links":{"self":[{"href":"http:\/\/notare-wwk-gp.de\/index.php\/wp-json\/wp\/v2\/pages\/2190"}],"collection":[{"href":"http:\/\/notare-wwk-gp.de\/index.php\/wp-json\/wp\/v2\/pages"}],"about":[{"href":"http:\/\/notare-wwk-gp.de\/index.php\/wp-json\/wp\/v2\/types\/page"}],"author":[{"embeddable":true,"href":"http:\/\/notare-wwk-gp.de\/index.php\/wp-json\/wp\/v2\/users\/2"}],"replies":[{"embeddable":true,"href":"http:\/\/notare-wwk-gp.de\/index.php\/wp-json\/wp\/v2\/comments?post=2190"}],"version-history":[{"count":5,"href":"http:\/\/notare-wwk-gp.de\/index.php\/wp-json\/wp\/v2\/pages\/2190\/revisions"}],"predecessor-version":[{"id":2198,"href":"http:\/\/notare-wwk-gp.de\/index.php\/wp-json\/wp\/v2\/pages\/2190\/revisions\/2198"}],"wp:attachment":[{"href":"http:\/\/notare-wwk-gp.de\/index.php\/wp-json\/wp\/v2\/media?parent=2190"}],"curies":[{"name":"wp","href":"https:\/\/api.w.org\/{rel}","templated":true}]}}