{"id":2126,"date":"2018-11-11T14:55:45","date_gmt":"2018-11-11T13:55:45","guid":{"rendered":"http:\/\/notare-mww-gp.de\/?page_id=2126"},"modified":"2018-11-12T11:23:15","modified_gmt":"2018-11-12T10:23:15","slug":"datenschutz","status":"publish","type":"page","link":"http:\/\/notare-wwk-gp.de\/index.php\/datenschutz\/","title":{"rendered":"Datenschutz"},"content":{"rendered":"<div class=\"wpb-content-wrapper\"><p>[vc_row][vc_column]<div id=\"ultimate-heading-914569e24c8d2fad5\" class=\"uvc-heading ult-adjust-bottom-margin ultimate-heading-914569e24c8d2fad5 uvc-4167 \" data-hspacer=\"no_spacer\"  data-halign=\"left\" style=\"text-align:left\"><div class=\"uvc-heading-spacer no_spacer\" style=\"top\"><\/div><div class=\"uvc-main-heading ult-responsive\"  data-ultimate-target='.uvc-heading.ultimate-heading-914569e24c8d2fad5 h2'  data-responsive-json-new='{\"font-size\":\"desktop:20px;\",\"line-height\":\"desktop:30px;\"}' ><h2 style=\"--font-weight:theme;margin-top:20px;\">Datenschutzerkl\u00e4rung<\/h2><\/div><div class=\"uvc-sub-heading ult-responsive\"  data-ultimate-target='.uvc-heading.ultimate-heading-914569e24c8d2fad5 .uvc-sub-heading '  data-responsive-json-new='{\"font-size\":\"desktop:14px;\",\"line-height\":\"\"}'  style=\"font-weight:normal;\">Wir sind uns dar\u00fcber bewusst, dass Ihnen der Schutz Ihrer Privatsph\u00e4re bei der Benutzung unserer Website ein wichtiges Anliegen ist. Wir nehmen den Schutz Ihrer pers\u00f6nlichen Daten sehr ernst. Deshalb m\u00f6chten wir, dass Sie wissen, wann wir welche Daten speichern und wie wir sie verwenden. Wir m\u00f6chten Sie mit dieser Datenschutzerkl\u00e4rung \u00fcber unsere Ma\u00dfnahmen zum Datenschutz in Kenntnis setzen.<\/div><\/div><div id=\"ultimate-heading-995069e24c8d2fb57\" class=\"uvc-heading ult-adjust-bottom-margin ultimate-heading-995069e24c8d2fb57 uvc-4545 \" data-hspacer=\"no_spacer\"  data-halign=\"left\" style=\"text-align:left\"><div class=\"uvc-heading-spacer no_spacer\" style=\"top\"><\/div><div class=\"uvc-main-heading ult-responsive\"  data-ultimate-target='.uvc-heading.ultimate-heading-995069e24c8d2fb57 h2'  data-responsive-json-new='{\"font-size\":\"desktop:20px;\",\"line-height\":\"desktop:30px;\"}' ><h2 style=\"--font-weight:theme;margin-top:20px;\">Erhebung personenbezogener Daten<\/h2><\/div><div class=\"uvc-sub-heading ult-responsive\"  data-ultimate-target='.uvc-heading.ultimate-heading-995069e24c8d2fb57 .uvc-sub-heading '  data-responsive-json-new='{\"font-size\":\"desktop:14px;\",\"line-height\":\"\"}'  style=\"font-weight:normal;\">Im Folgenden informieren wir \u00fcber die Erhebung personenbezogener Daten bei Nutzung unserer Website. Personenbezogene Daten sind alle Daten, die direkt oder indirekt auf Sie pers\u00f6nlich beziehbar sind, z. B. Name, Adresse, E-Mail-Adressen, Nutzerverhalten.<br \/>\nWir verarbeiten Daten gem\u00e4\u00df DS-GVO Art. 6 Abs. 1 lit. a) b) c) f). Das bedeutet, dass wir personenbezogene Daten nur verarbeiten, wenn eine Einwilligung vorliegt (lit. a), soweit zur Erf\u00fcllung eines Vertrages oder vorvertraglicher Ma\u00dfnahmen erforderlich (lit. b), wir rechtlich dazu verpflichtet sind (lit. c) oder wir ein berechtigtes Interesse an der Verarbeitung haben (lit. f). Die entsprechende Rechtsgrundlage wird im Einzelfall benannt.<br \/>\nBei Ihrer Kontaktaufnahme mit uns per E-Mail oder \u00fcber ein Kontaktformular werden die von Ihnen mitgeteilten Daten (Ihre E-Mail-Adresse, ggf. Ihr Name und Ihre Telefonnummer) von uns gespeichert, um Ihre Fragen zu beantworten. Die in diesem Zusammenhang anfallenden Daten l\u00f6schen wir, nachdem der Zweck der Anfrage entfallen ist. Je nach Art der Anfrage erheben wir diese Daten mit Ihrer ausdr\u00fccklichen Einwilligung gem. Art. 6 Abs. 1 lit. a) DSGVO, zur Abwicklung und Erf\u00fcllung eines Vertrages oder vorvertraglicher Ma\u00dfnahmen gem. Art. 6 Abs. 1 lit. b) DS-GVO oder bei einem berechtigten Interesse gem. Art. 6 Abs. 1 lit. f) DSGVO. Das berechtigte Interesse liegt dabei darin, Anfragen zu beantworten und \u00fcber unsere Produkte und Dienstleistungen zu informieren.<br \/>\nBei der ausschlie\u00dflich informatorischen Nutzung der Website, also wenn Sie sich nicht registrieren oder uns anderweitig Informationen \u00fcbermitteln, werden nur die Daten erhoben, die Ihr Browser an den von uns genutzten Server \u00fcbermittelt. Wenn Sie unsere Website betrachten m\u00f6chten, werden die folgenden Daten erhoben, die f\u00fcr uns technisch erforderlich sind, um Ihnen unsere Website anzuzeigen und die Stabilit\u00e4t und Sicherheit zu gew\u00e4hrleisten. Die Weiterleitung erfolgt automatisiert durch Ihren Browser und ist bei der Nutzung des Internets diesem inh\u00e4rent. (Rechtsgrundlage ist Art. 6 Abs. 1 lit. f DS-GVO):<\/p>\n<ul>\n<li>IP-Adresse<\/li>\n<li>Datum und Uhrzeit der Anfrage<\/li>\n<li>Zeitzonendifferenz zur Greenwich Mean Time (GMT)<\/li>\n<li>Inhalt der Anforderung (konkrete Seite)<\/li>\n<li>Zugriffsstatus\/HTTP-Statuscode<\/li>\n<li>jeweils \u00fcbertragene Datenmenge<\/li>\n<li>Website, von der die Anforderung kommt<\/li>\n<li>Browser<\/li>\n<li>Betriebssystem und dessen Oberfl\u00e4che<\/li>\n<li>Sprache und Version der Browsersoftware.<\/li>\n<\/ul>\n<p><\/div><\/div><div id=\"ultimate-heading-708469e24c8d2fbad\" class=\"uvc-heading ult-adjust-bottom-margin ultimate-heading-708469e24c8d2fbad uvc-7633 \" data-hspacer=\"no_spacer\"  data-halign=\"left\" style=\"text-align:left\"><div class=\"uvc-heading-spacer no_spacer\" style=\"top\"><\/div><div class=\"uvc-main-heading ult-responsive\"  data-ultimate-target='.uvc-heading.ultimate-heading-708469e24c8d2fbad h2'  data-responsive-json-new='{\"font-size\":\"desktop:20px;\",\"line-height\":\"desktop:30px;\"}' ><h2 style=\"--font-weight:theme;margin-top:20px;\">Verantwortlicher<\/h2><\/div><div class=\"uvc-sub-heading ult-responsive\"  data-ultimate-target='.uvc-heading.ultimate-heading-708469e24c8d2fbad .uvc-sub-heading '  data-responsive-json-new='{\"font-size\":\"desktop:14px;\",\"line-height\":\"\"}'  style=\"font-weight:normal;\">Den Verantwortlichen gem. Art. 4 Nr. 7 EU-Datenschutz-Grundverordnung (DS-GVO) entnehmen Sie bitte dem <a href=\"http:\/\/notare-mww-gp.de\/index.php\/impressum\/\">Impressum<\/a>.<\/div><\/div><div id=\"ultimate-heading-960269e24c8d2fbf9\" class=\"uvc-heading ult-adjust-bottom-margin ultimate-heading-960269e24c8d2fbf9 uvc-6471 \" data-hspacer=\"no_spacer\"  data-halign=\"left\" style=\"text-align:left\"><div class=\"uvc-heading-spacer no_spacer\" style=\"top\"><\/div><div class=\"uvc-main-heading ult-responsive\"  data-ultimate-target='.uvc-heading.ultimate-heading-960269e24c8d2fbf9 h2'  data-responsive-json-new='{\"font-size\":\"desktop:20px;\",\"line-height\":\"desktop:30px;\"}' ><h2 style=\"--font-weight:theme;margin-top:20px;\">Verwendungszwecke<\/h2><\/div><div class=\"uvc-sub-heading ult-responsive\"  data-ultimate-target='.uvc-heading.ultimate-heading-960269e24c8d2fbf9 .uvc-sub-heading '  data-responsive-json-new='{\"font-size\":\"desktop:14px;\",\"line-height\":\"\"}'  style=\"font-weight:normal;\">Die von Ihnen erfassten pers\u00f6nlichen Daten werden wir nur dazu verwenden, Ihnen die gew\u00fcnschten Produkte oder Dienstleistungen bereitzustellen, oder aber zu anderen Zwecken, f\u00fcr die Sie Ihre Einwilligung erteilt haben, sofern keine anderslautenden gesetzlichen Verpflichtungen bestehen.<\/div><\/div><div id=\"ultimate-heading-592069e24c8d2fc43\" class=\"uvc-heading ult-adjust-bottom-margin ultimate-heading-592069e24c8d2fc43 uvc-1171 \" data-hspacer=\"no_spacer\"  data-halign=\"left\" style=\"text-align:left\"><div class=\"uvc-heading-spacer no_spacer\" style=\"top\"><\/div><div class=\"uvc-main-heading ult-responsive\"  data-ultimate-target='.uvc-heading.ultimate-heading-592069e24c8d2fc43 h2'  data-responsive-json-new='{\"font-size\":\"desktop:20px;\",\"line-height\":\"desktop:30px;\"}' ><h2 style=\"--font-weight:theme;margin-top:20px;\">Betroffenenrechte<\/h2><\/div><div class=\"uvc-sub-heading ult-responsive\"  data-ultimate-target='.uvc-heading.ultimate-heading-592069e24c8d2fc43 .uvc-sub-heading '  data-responsive-json-new='{\"font-size\":\"desktop:14px;\",\"line-height\":\"\"}'  style=\"font-weight:normal;\">Sie haben gegen\u00fcber uns folgende Rechte hinsichtlich der Sie betreffenden personenbezogenen Daten:<\/p>\n<ul>\n<li>Recht auf Auskunft,<\/li>\n<li>Recht auf Berichtigung oder L\u00f6schung,<\/li>\n<li>Recht auf Einschr\u00e4nkung der Verarbeitung,<\/li>\n<li>Recht auf Widerspruch gegen die Verarbeitung,<\/li>\n<li>Recht auf Daten\u00fcbertragbarkeit.<\/li>\n<\/ul>\n<p>Sie haben zudem das Recht, sich bei einer Datenschutz-Aufsichtsbeh\u00f6rde \u00fcber die Verarbeitung Ihrer personenbezogenen Daten durch uns zu beschweren.<\/p>\n<p>Recht auf Widerruf oder Widerspruch gegen die Verarbeitung Ihrer Daten<\/p>\n<p>Falls Sie eine Einwilligung zur Verarbeitung Ihrer Daten erteilt haben, k\u00f6nnen Sie diese jederzeit widerrufen. Ein solcher Widerruf beeinflusst die Zul\u00e4ssigkeit der Verarbeitung Ihrer personenbezogenen Daten, nachdem Sie ihn gegen\u00fcber uns ausgesprochen haben.<\/div><\/div><div id=\"ultimate-heading-596069e24c8d2fc8f\" class=\"uvc-heading ult-adjust-bottom-margin ultimate-heading-596069e24c8d2fc8f uvc-7744 \" data-hspacer=\"no_spacer\"  data-halign=\"left\" style=\"text-align:left\"><div class=\"uvc-heading-spacer no_spacer\" style=\"top\"><\/div><div class=\"uvc-main-heading ult-responsive\"  data-ultimate-target='.uvc-heading.ultimate-heading-596069e24c8d2fc8f h2'  data-responsive-json-new='{\"font-size\":\"desktop:20px;\",\"line-height\":\"desktop:30px;\"}' ><h2 style=\"--font-weight:theme;margin-top:20px;\">Aufbewahrung von Daten<\/h2><\/div><div class=\"uvc-sub-heading ult-responsive\"  data-ultimate-target='.uvc-heading.ultimate-heading-596069e24c8d2fc8f .uvc-sub-heading '  data-responsive-json-new='{\"font-size\":\"desktop:14px;\",\"line-height\":\"\"}'  style=\"font-weight:normal;\">Wir speichern personenbezogene Daten, solange dies zur Erf\u00fcllung unserer vertraglichen sowie vor- und nachvertraglichen Verpflichtungen erforderlich ist. Dies ber\u00fchrt nicht Ihr Recht auf L\u00f6schung oder Einschr\u00e4nkung der Verarbeitung. Au\u00dferdem wird dadurch nicht unser Recht ber\u00fchrt die Daten bei rechtlich zwingenden Gr\u00fcnden (Art. 6 Abs. 1 lit. c) DS-GVO) oder bei Vorliegen eines berechtigten Interesses (Art. 6 Abs. 1 lit. b) DS-GVO) weiterhin zu speichern. Als berechtigtes Interesse kommen insbesondere das Pr\u00fcfen und Durchsetzen von Schadensersatz- und anderen Anspr\u00fcchen in Betracht.<br \/>\nLogdateien, die zur Stabilit\u00e4t und Sicherheit des Systems erforderlich sind werden nach vier Tagen automatisiert gel\u00f6scht.<\/div><\/div><div id=\"ultimate-heading-752869e24c8d2fcd8\" class=\"uvc-heading ult-adjust-bottom-margin ultimate-heading-752869e24c8d2fcd8 uvc-3758 \" data-hspacer=\"no_spacer\"  data-halign=\"left\" style=\"text-align:left\"><div class=\"uvc-heading-spacer no_spacer\" style=\"top\"><\/div><div class=\"uvc-main-heading ult-responsive\"  data-ultimate-target='.uvc-heading.ultimate-heading-752869e24c8d2fcd8 h2'  data-responsive-json-new='{\"font-size\":\"desktop:20px;\",\"line-height\":\"desktop:30px;\"}' ><h2 style=\"--font-weight:theme;margin-top:20px;\">Einsatz von Cookies<\/h2><\/div><div class=\"uvc-sub-heading ult-responsive\"  data-ultimate-target='.uvc-heading.ultimate-heading-752869e24c8d2fcd8 .uvc-sub-heading '  data-responsive-json-new='{\"font-size\":\"desktop:14px;\",\"line-height\":\"\"}'  style=\"font-weight:normal;\">Zus\u00e4tzlich zu den zuvor genannten Daten werden bei Ihrer Nutzung unserer Website Cookies auf Ihrem Rechner gespeichert. Bei Cookies handelt es sich um kleine Textdateien, die auf Ihrer Festplatte dem von Ihnen verwendeten Browser zugeordnet gespeichert werden und durch welche der Stelle, die den Cookie setzt (hier durch uns), bestimmte Informationen zuflie\u00dfen. Cookies k\u00f6nnen keine Programme ausf\u00fchren oder Viren auf Ihren Computer \u00fcbertragen. Sie dienen dazu, das Internetangebot insgesamt nutzerfreundlicher und effektiver zu machen.<\/p>\n<ol>\n<li>Diese Website nutzt folgende Arten von Cookies, deren Umfang und Funktionsweise im Folgenden erl\u00e4utert werden:\n<ul>\n<li>Transiente Cookies (dazu b)<\/li>\n<li>Persistente Cookies (dazu c).<\/li>\n<\/ul>\n<\/li>\n<li>Transiente Cookies werden automatisiert gel\u00f6scht, wenn Sie den Browser schlie\u00dfen. Dazu z\u00e4hlen insbesondere die Session-Cookies. Diese speichern eine sogenannte Session-ID, mit welcher sich verschiedene Anfragen Ihres Browsers der gemeinsamen Sitzung zuordnen lassen. Dadurch kann Ihr Rechner wiedererkannt werden, wenn Sie auf unsere Website zur\u00fcckkehren. Die Session-Cookies werden gel\u00f6scht, wenn Sie sich ausloggen oder den Browser schlie\u00dfen.<\/li>\n<li>Persistente Cookies werden automatisiert nach einer vorgegebenen Dauer gel\u00f6scht, die sich je nach Cookie unterscheiden kann. Sie k\u00f6nnen die Cookies in den Sicherheitseinstellungen Ihres Browsers jederzeit l\u00f6schen.<\/li>\n<li>Sie k\u00f6nnen Ihre Browser-Einstellung entsprechend Ihren W\u00fcnschen konfigurieren und z. B. die Annahme von Third-Party-Cookies oder allen Cookies ablehnen. Wir weisen Sie darauf hin, dass Sie eventuell nicht alle Funktionen dieser Website nutzen k\u00f6nnen.<\/li>\n<\/ol>\n<p><\/div><\/div><div id=\"ultimate-heading-635169e24c8d2fd20\" class=\"uvc-heading ult-adjust-bottom-margin ultimate-heading-635169e24c8d2fd20 uvc-668 \" data-hspacer=\"no_spacer\"  data-halign=\"left\" style=\"text-align:left\"><div class=\"uvc-heading-spacer no_spacer\" style=\"top\"><\/div><div class=\"uvc-main-heading ult-responsive\"  data-ultimate-target='.uvc-heading.ultimate-heading-635169e24c8d2fd20 h2'  data-responsive-json-new='{\"font-size\":\"desktop:20px;\",\"line-height\":\"desktop:30px;\"}' ><h2 style=\"--font-weight:theme;margin-top:20px;\">Sicherheit<\/h2><\/div><div class=\"uvc-sub-heading ult-responsive\"  data-ultimate-target='.uvc-heading.ultimate-heading-635169e24c8d2fd20 .uvc-sub-heading '  data-responsive-json-new='{\"font-size\":\"desktop:14px;\",\"line-height\":\"\"}'  style=\"font-weight:normal;\">Wir setzen technische und organisatorische Sicherheitsma\u00dfnahmen ein, um Ihre zur Verf\u00fcgung gestellten Daten durch zuf\u00e4llige oder vors\u00e4tzliche Manipulation, Verlust, Zerst\u00f6rung oder Zugriff unberechtigter Personen zu sch\u00fctzen. Im Falle der Erhebung und Verarbeitung pers\u00f6nlicher Daten werden die Informationen in verschl\u00fcsselter Form \u00fcbertragen, um einem Missbrauch der Daten durch Dritte vorzubeugen. Unsere Sicherungsma\u00dfnahmen werden entsprechend der technologischen Entwicklung fortlaufend \u00fcberarbeitet.<\/div><\/div><div id=\"ultimate-heading-573769e24c8d2fd66\" class=\"uvc-heading ult-adjust-bottom-margin ultimate-heading-573769e24c8d2fd66 uvc-5098 \" data-hspacer=\"no_spacer\"  data-halign=\"left\" style=\"text-align:left\"><div class=\"uvc-heading-spacer no_spacer\" style=\"top\"><\/div><div class=\"uvc-main-heading ult-responsive\"  data-ultimate-target='.uvc-heading.ultimate-heading-573769e24c8d2fd66 h2'  data-responsive-json-new='{\"font-size\":\"desktop:20px;\",\"line-height\":\"desktop:30px;\"}' ><h2 style=\"--font-weight:theme;margin-top:20px;\">Anpassungen<\/h2><\/div><div class=\"uvc-sub-heading ult-responsive\"  data-ultimate-target='.uvc-heading.ultimate-heading-573769e24c8d2fd66 .uvc-sub-heading '  data-responsive-json-new='{\"font-size\":\"desktop:14px;\",\"line-height\":\"\"}'  style=\"font-weight:normal;\">Die st\u00e4ndige Entwicklung des Internets macht von Zeit zu Zeit Anpassungen unserer Datenschutzerkl\u00e4rung erforderlich. Wir behalten uns vor, jederzeit entsprechende \u00c4nderungen vorzunehmen.<\/div><\/div><div id=\"ultimate-heading-743269e24c8d2fdac\" class=\"uvc-heading ult-adjust-bottom-margin ultimate-heading-743269e24c8d2fdac uvc-4955 \" data-hspacer=\"no_spacer\"  data-halign=\"left\" style=\"text-align:left\"><div class=\"uvc-heading-spacer no_spacer\" style=\"top\"><\/div><div class=\"uvc-main-heading ult-responsive\"  data-ultimate-target='.uvc-heading.ultimate-heading-743269e24c8d2fdac h2'  data-responsive-json-new='{\"font-size\":\"desktop:20px;\",\"line-height\":\"desktop:30px;\"}' ><h2 style=\"--font-weight:theme;margin-top:20px;\">Nutzungsstatistik<\/h2><\/div><div class=\"uvc-sub-heading ult-responsive\"  data-ultimate-target='.uvc-heading.ultimate-heading-743269e24c8d2fdac .uvc-sub-heading '  data-responsive-json-new='{\"font-size\":\"desktop:14px;\",\"line-height\":\"\"}'  style=\"font-weight:normal;\">Beim Besuch unserer Seite wird von uns anonymisiert erfasst, auf welchem Weg die Besucher zu unserer Webseite gekommen sind und wie viele Nutzer die Seite aufgerufen haben. (Suchmaschine, Verlinkung, direkte Eingabe oder Werbema\u00dfnahmen) Die Daten werden nicht dazu genutzt einzelne Besucher zu identifizieren, sondern ausschlie\u00dflich zur \u00dcbermittlung quantitativer Gr\u00f6\u00dfen. Die Statistik kann nicht dazu genutzt werden ihr Verhalten auf anderen Webseiten nachzuvollziehen. Die Daten werden nicht mit anderen Diensten verkn\u00fcpft. Wenn Sie das Setzen von Cookies in Ihrem Browser deaktiviert haben, werden Ihre Besuche nicht erfasst. Ansonsten werden diese Cookies nach sieben Tagen automatisiert gel\u00f6scht.<\/div><\/div><div id=\"ultimate-heading-978169e24c8d2fdef\" class=\"uvc-heading ult-adjust-bottom-margin ultimate-heading-978169e24c8d2fdef uvc-4563 \" data-hspacer=\"no_spacer\"  data-halign=\"left\" style=\"text-align:left\"><div class=\"uvc-heading-spacer no_spacer\" style=\"top\"><\/div><div class=\"uvc-main-heading ult-responsive\"  data-ultimate-target='.uvc-heading.ultimate-heading-978169e24c8d2fdef h2'  data-responsive-json-new='{\"font-size\":\"desktop:20px;\",\"line-height\":\"desktop:30px;\"}' ><h2 style=\"--font-weight:theme;margin-top:20px;\">Inhalte Dritter auf der Webseite<\/h2><\/div><div class=\"uvc-sub-heading ult-responsive\"  data-ultimate-target='.uvc-heading.ultimate-heading-978169e24c8d2fdef .uvc-sub-heading '  data-responsive-json-new='{\"font-size\":\"desktop:14px;\",\"line-height\":\"\"}'  style=\"font-weight:normal;\">Unser Internetauftritt integriert Inhalte anderer Anbieter. Dies k\u00f6nnen reine Content-Elemente (z.B. Nachrichten, Neuigkeiten), aber auch Widgets (Funktionen wie z.B. Buchungssysteme) oder z.B. Schriften und technische Bibliotheken sein. Dazu geh\u00f6ren auch Google Fonts. Aus technischen Gr\u00fcnden erfolgt dies, indem diese Inhalte vom Browser von anderen Servern geladen werden. In diesem Zusammenhang werden die aktuell von Ihrem Browser verwendete IP und der verwendete Browser des anfragenden Systems \u00fcbermittelt. Bitte beachten Sie diesbez\u00fcglich die jeweiligen Datenschutzerkl\u00e4rungen der Drittanbieter.<\/div><\/div><div id=\"ultimate-heading-12869e24c8d2fe3e\" class=\"uvc-heading ult-adjust-bottom-margin ultimate-heading-12869e24c8d2fe3e uvc-6750 \" data-hspacer=\"no_spacer\"  data-halign=\"left\" style=\"text-align:left\"><div class=\"uvc-heading-spacer no_spacer\" style=\"top\"><\/div><div class=\"uvc-main-heading ult-responsive\"  data-ultimate-target='.uvc-heading.ultimate-heading-12869e24c8d2fe3e h2'  data-responsive-json-new='{\"font-size\":\"desktop:20px;\",\"line-height\":\"desktop:30px;\"}' ><h2 style=\"--font-weight:theme;margin-top:20px;\">Google Maps<\/h2><\/div><div class=\"uvc-sub-heading ult-responsive\"  data-ultimate-target='.uvc-heading.ultimate-heading-12869e24c8d2fe3e .uvc-sub-heading '  data-responsive-json-new='{\"font-size\":\"desktop:14px;\",\"line-height\":\"\"}'  style=\"font-weight:normal;\">Diese Website benutzt Google Maps API, einen Kartendienst der Google Inc. (&#8220;Google&#8221;, (1600 Amphitheatre Parkway Mountain View, CA 94043, USA)), zur Darstellung einer interaktiven Karte. Durch die Nutzung von Google Maps k\u00f6nnen Informationen \u00fcber Ihre Benutzung dieser Website (einschlie\u00dflich Ihrer IP-Adresse) an einen Server von Google in den USA \u00fcbertragen und dort gespeichert werden.<\/p>\n<p>Google wird die durch Maps gewonnenen Informationen gegebenenfalls an Dritte \u00fcbertragen, sofern dies gesetzlich vorgeschrieben ist oder soweit Dritte diese Daten im Auftrag von Google verarbeiten.<\/p>\n<p>Google wird in keinem Fall Ihre IP-Adresse mit anderen Daten von Google in Verbindung bringen. Trotzdem w\u00e4re es technisch m\u00f6glich, dass Google aufgrund der erhaltenen Daten eine Identifizierung zumindest einzelner Nutzenden vornehmen k\u00f6nnte. Es w\u00e4re m\u00f6glich, dass personenbezogene Daten und Pers\u00f6nlichkeitsprofile von Nutzern der Website von Google f\u00fcr andere Zwecke verarbeitet werden k\u00f6nnten, auf welche wir keinen Einfluss haben und haben k\u00f6nnen. Dies und die Tatsache, dass Daten in die USA \u00fcbermittelt werden, ist aus datenschutzrechtlichen Gr\u00fcnden problematisch.<\/p>\n<p>Sie haben die M\u00f6glichkeit, den Service von Google Maps auf einfache Art und Weise zu deaktivieren und somit den Datentransfer an Google zu verhindern: Deaktivieren Sie dazu JavaScript in Ihrem Browser. Wir weisen Sie jedoch darauf hin, dass Sie in diesem Fall die Kartenanzeige nicht nutzen k\u00f6nnen.<\/p>\n<p>Durch die Nutzung dieser Website und das Nichtdeaktivieren der JavaScript-Funktion erkl\u00e4ren Sie ausdr\u00fccklich in Kenntnis der datenschutzrechtlichen Problematik, dass Sie mit der Bearbeitung der \u00fcber Sie erhobenen Daten durch Google in der zuvor beschriebenen Art und Weise und zu dem zuvor benannten Zweck einverstanden sind.<\/p>\n<p>Die Nutzungsbedingungen f\u00fcr Google Maps finden Sie unter Nutzungsbedingungen f\u00fcr Google Maps <a href=\"http:\/\/www.google.com\/intl\/de_de\/help\/terms_maps.html\">http:\/\/www.google.com\/intl\/de_de\/help\/terms_maps.html<\/a> und bei den Datenschutzbestimmungen\u00a0<a href=\"http:\/\/www.google.de\/intl\/de\/privacy\/privacy-policy.html\">http:\/\/www.google.de\/intl\/de\/privacy\/privacy-policy.html<\/a> von Google.<\/div><\/div><div id=\"ultimate-heading-548869e24c8d2fe86\" class=\"uvc-heading ult-adjust-bottom-margin ultimate-heading-548869e24c8d2fe86 uvc-5069 \" data-hspacer=\"no_spacer\"  data-halign=\"left\" style=\"text-align:left\"><div class=\"uvc-heading-spacer no_spacer\" style=\"top\"><\/div><div class=\"uvc-main-heading ult-responsive\"  data-ultimate-target='.uvc-heading.ultimate-heading-548869e24c8d2fe86 h2'  data-responsive-json-new='{\"font-size\":\"desktop:20px;\",\"line-height\":\"desktop:30px;\"}' ><h2 style=\"--font-weight:theme;margin-top:20px;\">Datenschutzbeauftragter<\/h2><\/div><div class=\"uvc-sub-heading ult-responsive\"  data-ultimate-target='.uvc-heading.ultimate-heading-548869e24c8d2fe86 .uvc-sub-heading '  data-responsive-json-new='{\"font-size\":\"desktop:14px;\",\"line-height\":\"\"}'  style=\"font-weight:normal;\">Unser Datenschutzbeauftragter ist:<\/p>\n<p>Matthias Bantel, EU-Datenschutzbeauftragter<br \/>\nGebr. Bantel GbR, Marrenstra\u00dfe 44, 73072 Donzdorf<\/p>\n<p>E-Mail: <a href=\"mailto:dsb@bantelweb.de\">dsb@bantelweb.de<\/a><\/p>\n<p>Tel.: 07162\/9289-23<\/p>\n<p><\/div><\/div>[\/vc_column][\/vc_row]<\/p>\n<\/div>","protected":false},"excerpt":{"rendered":"<p>[vc_row][vc_column][\/vc_column][\/vc_row]<\/p>\n","protected":false},"author":2,"featured_media":0,"parent":0,"menu_order":7,"comment_status":"closed","ping_status":"closed","template":"","meta":{"_monsterinsights_skip_tracking":false,"_monsterinsights_sitenote_active":false,"_monsterinsights_sitenote_note":"","_monsterinsights_sitenote_category":0,"footnotes":""},"class_list":["post-2126","page","type-page","status-publish","hentry","description-off"],"_links":{"self":[{"href":"http:\/\/notare-wwk-gp.de\/index.php\/wp-json\/wp\/v2\/pages\/2126"}],"collection":[{"href":"http:\/\/notare-wwk-gp.de\/index.php\/wp-json\/wp\/v2\/pages"}],"about":[{"href":"http:\/\/notare-wwk-gp.de\/index.php\/wp-json\/wp\/v2\/types\/page"}],"author":[{"embeddable":true,"href":"http:\/\/notare-wwk-gp.de\/index.php\/wp-json\/wp\/v2\/users\/2"}],"replies":[{"embeddable":true,"href":"http:\/\/notare-wwk-gp.de\/index.php\/wp-json\/wp\/v2\/comments?post=2126"}],"version-history":[{"count":7,"href":"http:\/\/notare-wwk-gp.de\/index.php\/wp-json\/wp\/v2\/pages\/2126\/revisions"}],"predecessor-version":[{"id":2135,"href":"http:\/\/notare-wwk-gp.de\/index.php\/wp-json\/wp\/v2\/pages\/2126\/revisions\/2135"}],"wp:attachment":[{"href":"http:\/\/notare-wwk-gp.de\/index.php\/wp-json\/wp\/v2\/media?parent=2126"}],"curies":[{"name":"wp","href":"https:\/\/api.w.org\/{rel}","templated":true}]}}