{"id":1965,"date":"2017-11-18T19:51:58","date_gmt":"2017-11-18T18:51:58","guid":{"rendered":"http:\/\/notar.amrsamy.com\/?page_id=1965"},"modified":"2025-06-04T11:03:04","modified_gmt":"2025-06-04T10:03:04","slug":"impressum","status":"publish","type":"page","link":"http:\/\/notare-wwk-gp.de\/index.php\/impressum\/","title":{"rendered":"Impressum"},"content":{"rendered":"<div class=\"wpb-content-wrapper\"><p>[vc_row][vc_column css=&#8221;.vc_custom_1511033837457{padding-bottom: 20px !important;}&#8221;]<div id=\"ultimate-heading-182769e23a0b5b795\" class=\"uvc-heading ult-adjust-bottom-margin ultimate-heading-182769e23a0b5b795 uvc-4275 \" data-hspacer=\"no_spacer\"  data-halign=\"left\" style=\"text-align:left\"><div class=\"uvc-heading-spacer no_spacer\" style=\"top\"><\/div><div class=\"uvc-main-heading ult-responsive\"  data-ultimate-target='.uvc-heading.ultimate-heading-182769e23a0b5b795 h2'  data-responsive-json-new='{\"font-size\":\"desktop:20px;\",\"line-height\":\"desktop:30px;\"}' ><h2 style=\"--font-weight:theme;margin-top:20px;\">Verantwortlich<\/h2><\/div><div class=\"uvc-sub-heading ult-responsive\"  data-ultimate-target='.uvc-heading.ultimate-heading-182769e23a0b5b795 .uvc-sub-heading '  data-responsive-json-new='{\"font-size\":\"desktop:14px;\",\"line-height\":\"\"}'  style=\"font-weight:normal;\">Notare Kathrin Wahl, Ulrich Weber und Felix Kuhn<\/div><\/div><div id=\"ultimate-heading-653069e23a0b5b805\" class=\"uvc-heading ult-adjust-bottom-margin ultimate-heading-653069e23a0b5b805 uvc-2079 \" data-hspacer=\"no_spacer\"  data-halign=\"left\" style=\"text-align:left\"><div class=\"uvc-heading-spacer no_spacer\" style=\"top\"><\/div><div class=\"uvc-main-heading ult-responsive\"  data-ultimate-target='.uvc-heading.ultimate-heading-653069e23a0b5b805 h2'  data-responsive-json-new='{\"font-size\":\"desktop:20px;\",\"line-height\":\"desktop:30px;\"}' ><h2 style=\"--font-weight:theme;margin-top:20px;\">Adresse<\/h2><\/div><div class=\"uvc-sub-heading ult-responsive\"  data-ultimate-target='.uvc-heading.ultimate-heading-653069e23a0b5b805 .uvc-sub-heading '  data-responsive-json-new='{\"font-size\":\"desktop:14px;\",\"line-height\":\"\"}'  style=\"font-weight:normal;\">Notare Wahl Weber Kuhn<\/p>\n<p>Sch\u00fctzenstra\u00dfe 7<br \/>\n73033 G\u00f6ppingen<\/div><\/div><div id=\"ultimate-heading-548669e23a0b5b84a\" class=\"uvc-heading ult-adjust-bottom-margin ultimate-heading-548669e23a0b5b84a uvc-6619 \" data-hspacer=\"no_spacer\"  data-halign=\"left\" style=\"text-align:left\"><div class=\"uvc-heading-spacer no_spacer\" style=\"top\"><\/div><div class=\"uvc-main-heading ult-responsive\"  data-ultimate-target='.uvc-heading.ultimate-heading-548669e23a0b5b84a h2'  data-responsive-json-new='{\"font-size\":\"desktop:20px;\",\"line-height\":\"desktop:30px;\"}' ><h2 style=\"--font-weight:theme;margin-top:20px;\">Telefon<\/h2><\/div><div class=\"uvc-sub-heading ult-responsive\"  data-ultimate-target='.uvc-heading.ultimate-heading-548669e23a0b5b84a .uvc-sub-heading '  data-responsive-json-new='{\"font-size\":\"desktop:14px;\",\"line-height\":\"\"}'  style=\"font-weight:normal;\">07161 \u2013\u00a065 31 40<\/div><\/div><div id=\"ultimate-heading-494769e23a0b5b88f\" class=\"uvc-heading ult-adjust-bottom-margin ultimate-heading-494769e23a0b5b88f uvc-3472 \" data-hspacer=\"no_spacer\"  data-halign=\"left\" style=\"text-align:left\"><div class=\"uvc-heading-spacer no_spacer\" style=\"top\"><\/div><div class=\"uvc-main-heading ult-responsive\"  data-ultimate-target='.uvc-heading.ultimate-heading-494769e23a0b5b88f h2'  data-responsive-json-new='{\"font-size\":\"desktop:20px;\",\"line-height\":\"desktop:30px;\"}' ><h2 style=\"--font-weight:theme;margin-top:20px;\">E-Mail<\/h2><\/div><div class=\"uvc-sub-heading ult-responsive\"  data-ultimate-target='.uvc-heading.ultimate-heading-494769e23a0b5b88f .uvc-sub-heading '  data-responsive-json-new='{\"font-size\":\"desktop:14px;\",\"line-height\":\"\"}'  style=\"font-weight:normal;\">info@notare-wwk-gp.de<\/div><\/div><div id=\"ultimate-heading-162369e23a0b5b8ce\" class=\"uvc-heading ult-adjust-bottom-margin ultimate-heading-162369e23a0b5b8ce uvc-4321 \" data-hspacer=\"no_spacer\"  data-halign=\"left\" style=\"text-align:left\"><div class=\"uvc-heading-spacer no_spacer\" style=\"top\"><\/div><div class=\"uvc-main-heading ult-responsive\"  data-ultimate-target='.uvc-heading.ultimate-heading-162369e23a0b5b8ce h2'  data-responsive-json-new='{\"font-size\":\"desktop:20px;\",\"line-height\":\"desktop:30px;\"}' ><h2 style=\"--font-weight:theme;margin-top:20px;\">Berufsbezeichnung<\/h2><\/div><div class=\"uvc-sub-heading ult-responsive\"  data-ultimate-target='.uvc-heading.ultimate-heading-162369e23a0b5b8ce .uvc-sub-heading '  data-responsive-json-new='{\"font-size\":\"desktop:14px;\",\"line-height\":\"\"}'  style=\"font-weight:normal;\">Notare<br \/>\nDie Berufsbezeichnung wurde in der Bundesrepublik Deutschland verliehen.<\/div><\/div><div id=\"ultimate-heading-250269e23a0b5b90c\" class=\"uvc-heading ult-adjust-bottom-margin ultimate-heading-250269e23a0b5b90c uvc-6149 \" data-hspacer=\"no_spacer\"  data-halign=\"left\" style=\"text-align:left\"><div class=\"uvc-heading-spacer no_spacer\" style=\"top\"><\/div><div class=\"uvc-main-heading ult-responsive\"  data-ultimate-target='.uvc-heading.ultimate-heading-250269e23a0b5b90c h2'  data-responsive-json-new='{\"font-size\":\"desktop:20px;\",\"line-height\":\"desktop:30px;\"}' ><h2 style=\"--font-weight:theme;margin-top:20px;\">Zust\u00e4ndige Notarkammer<\/h2><\/div><div class=\"uvc-sub-heading ult-responsive\"  data-ultimate-target='.uvc-heading.ultimate-heading-250269e23a0b5b90c .uvc-sub-heading '  data-responsive-json-new='{\"font-size\":\"desktop:14px;\",\"line-height\":\"\"}'  style=\"font-weight:normal;\">Notarkammer Baden-W\u00fcrttemberg<br \/>\nFriedrichstra\u00dfe 9a<br \/>\n70174 Stuttgart<\/p>\n<p>Telefon: +49 711 \/ 30 58 77 0<br \/>\nTelefax: +49 711 \/ 30 58 77 69<br \/>\n<span id=\"cloak100\"><a href=\"mailto:info@notarkammer-baden-wuerttemberg.de\">info@notarkammer-baden-wuerttemberg.de<\/a><\/span><\/div><\/div><div id=\"ultimate-heading-881169e23a0b5b94f\" class=\"uvc-heading ult-adjust-bottom-margin ultimate-heading-881169e23a0b5b94f uvc-2788 \" data-hspacer=\"no_spacer\"  data-halign=\"left\" style=\"text-align:left\"><div class=\"uvc-heading-spacer no_spacer\" style=\"top\"><\/div><div class=\"uvc-main-heading ult-responsive\"  data-ultimate-target='.uvc-heading.ultimate-heading-881169e23a0b5b94f h2'  data-responsive-json-new='{\"font-size\":\"desktop:20px;\",\"line-height\":\"desktop:30px;\"}' ><h2 style=\"--font-weight:theme;margin-top:20px;\">Aufsichtsbeh\u00f6rde<\/h2><\/div><div class=\"uvc-sub-heading ult-responsive\"  data-ultimate-target='.uvc-heading.ultimate-heading-881169e23a0b5b94f .uvc-sub-heading '  data-responsive-json-new='{\"font-size\":\"desktop:14px;\",\"line-height\":\"\"}'  style=\"font-weight:normal;\">Der Pr\u00e4sident des<br \/>\nLandgerichts Ulm<br \/>\nOlgastr. 106<br \/>\n89073 Ulm<\/div><\/div><div id=\"ultimate-heading-849769e23a0b5b98c\" class=\"uvc-heading ult-adjust-bottom-margin ultimate-heading-849769e23a0b5b98c uvc-2790 \" data-hspacer=\"no_spacer\"  data-halign=\"left\" style=\"text-align:left\"><div class=\"uvc-heading-spacer no_spacer\" style=\"top\"><\/div><div class=\"uvc-main-heading ult-responsive\"  data-ultimate-target='.uvc-heading.ultimate-heading-849769e23a0b5b98c h2'  data-responsive-json-new='{\"font-size\":\"desktop:20px;\",\"line-height\":\"desktop:30px;\"}' ><h2 style=\"--font-weight:theme;margin-top:20px;\">Berufsrechtliche Regelungen<\/h2><\/div><div class=\"uvc-sub-heading ult-responsive\"  data-ultimate-target='.uvc-heading.ultimate-heading-849769e23a0b5b98c .uvc-sub-heading '  data-responsive-json-new='{\"font-size\":\"desktop:14px;\",\"line-height\":\"\"}'  style=\"font-weight:normal;\"><\/p>\n<ul>\n<li><a title=\"BNotO\" href=\"http:\/\/www.bnotk.de\/Notar\/Berufsrecht\/BNotO\/index.php\" target=\"_blank\" rel=\"noopener\">Bundesnotarordnung<\/a>,\u00a0<a title=\"BeurkG\" href=\"http:\/\/www.bnotk.de\/Notar\/Berufsrecht\/BeurkG\/index.php\" target=\"_blank\" rel=\"noopener\">Beurkundungsgesetz<\/a>\u00a0und\u00a0<a title=\"GNotKG\" href=\"http:\/\/www.gesetze-im-internet.de\/gnotkg\/\" target=\"_blank\" rel=\"noopener\">Notar- und Gerichtskostengesetz (GNotKG)<\/a><\/li>\n<li><a title=\"Richtlinien\" href=\"http:\/\/www.bnotk.de\/Notar\/Berufsrecht\/Richtlinien.php\" target=\"_blank\" rel=\"noopener\">Richtlinien<\/a>\u00a0f\u00fcr die Amtspflichten und sonstigen Pflichten der Notarinnen und Notare<\/li>\n<li><a title=\"DONot\" href=\"http:\/\/www.bnotk.de\/Notar\/Berufsrecht\/DONot.php\" target=\"_blank\" rel=\"noopener\">Dienstordnung\u00a0<\/a>f\u00fcr Notarinnen und Notare<\/li>\n<\/ul>\n<p><\/div><\/div><div id=\"ultimate-heading-724669e23a0b5b9ca\" class=\"uvc-heading ult-adjust-bottom-margin ultimate-heading-724669e23a0b5b9ca uvc-5605 \" data-hspacer=\"no_spacer\"  data-halign=\"left\" style=\"text-align:left\"><div class=\"uvc-heading-spacer no_spacer\" style=\"top\"><\/div><div class=\"uvc-main-heading ult-responsive\"  data-ultimate-target='.uvc-heading.ultimate-heading-724669e23a0b5b9ca h2'  data-responsive-json-new='{\"font-size\":\"desktop:20px;\",\"line-height\":\"desktop:30px;\"}' ><h2 style=\"--font-weight:theme;margin-top:20px;\">Haftungsausschluss<\/h2><\/div><div class=\"uvc-sub-heading ult-responsive\"  data-ultimate-target='.uvc-heading.ultimate-heading-724669e23a0b5b9ca .uvc-sub-heading '  data-responsive-json-new='{\"font-size\":\"desktop:14px;\",\"line-height\":\"\"}'  style=\"font-weight:normal;\">Auf Gestaltung und Inhalt der verlinkten externen Seiten im Internet besteht kein Einfluss. Jede Haftung wird diesbez\u00fcglich ausgeschlossen. Eine Gew\u00e4hr f\u00fcr die Aktualit\u00e4t, Richtigkeit, Vollst\u00e4ndigkeit oder Qualit\u00e4t der dort bereitgestellten Informationen wird nicht \u00fcbernommen.<\/div><\/div><div id=\"ultimate-heading-897569e23a0b5ba08\" class=\"uvc-heading ult-adjust-bottom-margin ultimate-heading-897569e23a0b5ba08 uvc-8030 \" data-hspacer=\"no_spacer\"  data-halign=\"left\" style=\"text-align:left\"><div class=\"uvc-heading-spacer no_spacer\" style=\"top\"><\/div><div class=\"uvc-main-heading ult-responsive\"  data-ultimate-target='.uvc-heading.ultimate-heading-897569e23a0b5ba08 h2'  data-responsive-json-new='{\"font-size\":\"desktop:20px;\",\"line-height\":\"desktop:30px;\"}' ><h2 style=\"--font-weight:theme;margin-top:20px;\">Datenschutz<\/h2><\/div><div class=\"uvc-sub-heading ult-responsive\"  data-ultimate-target='.uvc-heading.ultimate-heading-897569e23a0b5ba08 .uvc-sub-heading '  data-responsive-json-new='{\"font-size\":\"desktop:14px;\",\"line-height\":\"\"}'  style=\"font-weight:normal;\">Wir weisen darauf hin, dass die Daten\u00fcbertragung im Internet (insbes. bei der Kommunikation per E-Mail) inh\u00e4rente Sicherheitsl\u00fccken aufweisen kann. Einen l\u00fcckenlosen Schutz der Daten vor dem Zugriff durch Dritte kann trotz gr\u00f6\u00dfter Anstrengungen niemand gew\u00e4hrleisten.<\/p>\n<p>Mehr unter\u00a0<a href=\"http:\/\/notare-mww-gp.de\/index.php\/datenschutz\/\">Datenschutzerkl\u00e4rung<\/a>.<\/p>\n<p>Der Nutzung unserer im Rahmen der Impressumspflicht ver\u00f6ffentlichten Kontaktdaten durch Dritte zur \u00dcbersendung von nicht ausdr\u00fccklich angeforderter Werbung und Informationsmaterialien wird hiermit ausdr\u00fccklich widersprochen. Die Betreiber der Seiten behalten sich ausdr\u00fccklich rechtliche Schritte im Falle der unverlangten Zusendung von Werbeinformationen, etwa durch Spam-Mails, vor.<\/div><\/div><div id=\"ultimate-heading-469969e23a0b5ba40\" class=\"uvc-heading ult-adjust-bottom-margin ultimate-heading-469969e23a0b5ba40 uvc-5769 \" data-hspacer=\"no_spacer\"  data-halign=\"left\" style=\"text-align:left\"><div class=\"uvc-heading-spacer no_spacer\" style=\"top\"><\/div><div class=\"uvc-main-heading ult-responsive\"  data-ultimate-target='.uvc-heading.ultimate-heading-469969e23a0b5ba40 h2'  data-responsive-json-new='{\"font-size\":\"desktop:20px;\",\"line-height\":\"desktop:30px;\"}' ><h2 style=\"--font-weight:theme;margin-top:20px;\">Bildverzeichnis<\/h2><\/div><div class=\"uvc-sub-heading ult-responsive\"  data-ultimate-target='.uvc-heading.ultimate-heading-469969e23a0b5ba40 .uvc-sub-heading '  data-responsive-json-new='{\"font-size\":\"desktop:14px;\",\"line-height\":\"\"}'  style=\"font-weight:normal;\">\u00a9 Julian Schumacher \/ Eye-catchgraphy: Kaiserberge<\/div><\/div>[\/vc_column][\/vc_row]<\/p>\n<\/div>","protected":false},"excerpt":{"rendered":"<p>[vc_row][vc_column css=&#8221;.vc_custom_1511033837457{padding-bottom: 20px !important;}&#8221;][\/vc_column][\/vc_row]<\/p>\n","protected":false},"author":2,"featured_media":0,"parent":0,"menu_order":6,"comment_status":"closed","ping_status":"closed","template":"","meta":{"_monsterinsights_skip_tracking":false,"_monsterinsights_sitenote_active":false,"_monsterinsights_sitenote_note":"","_monsterinsights_sitenote_category":0,"footnotes":""},"class_list":["post-1965","page","type-page","status-publish","hentry","description-off"],"_links":{"self":[{"href":"http:\/\/notare-wwk-gp.de\/index.php\/wp-json\/wp\/v2\/pages\/1965"}],"collection":[{"href":"http:\/\/notare-wwk-gp.de\/index.php\/wp-json\/wp\/v2\/pages"}],"about":[{"href":"http:\/\/notare-wwk-gp.de\/index.php\/wp-json\/wp\/v2\/types\/page"}],"author":[{"embeddable":true,"href":"http:\/\/notare-wwk-gp.de\/index.php\/wp-json\/wp\/v2\/users\/2"}],"replies":[{"embeddable":true,"href":"http:\/\/notare-wwk-gp.de\/index.php\/wp-json\/wp\/v2\/comments?post=1965"}],"version-history":[{"count":5,"href":"http:\/\/notare-wwk-gp.de\/index.php\/wp-json\/wp\/v2\/pages\/1965\/revisions"}],"predecessor-version":[{"id":2267,"href":"http:\/\/notare-wwk-gp.de\/index.php\/wp-json\/wp\/v2\/pages\/1965\/revisions\/2267"}],"wp:attachment":[{"href":"http:\/\/notare-wwk-gp.de\/index.php\/wp-json\/wp\/v2\/media?parent=1965"}],"curies":[{"name":"wp","href":"https:\/\/api.w.org\/{rel}","templated":true}]}}